{"id":12,"date":"2023-03-07T16:32:25","date_gmt":"2023-03-07T15:32:25","guid":{"rendered":"https:\/\/lehledesign-new.local\/?page_id=12"},"modified":"2023-05-05T18:01:08","modified_gmt":"2023-05-05T16:01:08","slug":"portfolio","status":"publish","type":"page","link":"https:\/\/lehledesign.de\/de\/portfolio\/","title":{"rendered":"Portfolio"},"content":{"rendered":"\n<div class=\"lehle-gallery-row portfolio\"> \n\n\t<div class=\"column\">\n\t\n\t\t<a href=\"buick-shanghai-2019\/\" target=\"_blank\" rel=\"noopener\">\n\t\t\t<img decoding=\"async\" src=\"\/wp-content\/themes\/lehledesign\/img\/buick-shanghai-2019\/buick-shanghai-2019_02.jpg\"\/>\n\t\t\t<span>\n\t\t\t\tBuick &#8211; Shanghai 2019\n\t\t\t<\/span>\n\t\t<\/a>\n\t\t<a href=\"opel-frankfurt-2017-2\/\" target=\"_blank\" rel=\"noopener\">\n\t\t\t<img decoding=\"async\" src=\"\/wp-content\/themes\/lehledesign\/img\/opel-frankfurt-2017\/small\/opel-frankfurt-2017_01.jpg\"\/>\n\t\t\t<span>\n\t\t\t\tOpel &#8211; Frankfurt 2017\n\t\t\t<\/span>\n\t\t<\/a>\n\t\t<a href=\"opel-hannover-2016-2\/\" target=\"_blank\" rel=\"noopener\">\n\t\t\t<img decoding=\"async\" src=\"\/wp-content\/themes\/lehledesign\/img\/opel-hannover-2016\/small\/opel-hannover-2016_01.jpg\"\/>\n\t\t\t<span>\n\t\t\t\tOpel &#8211; Hannover 2016\n\t\t\t<\/span>\n\t\t<\/a>\n\t\t<a href=\"opel-frankfurt-2015-2\/\" target=\"_blank\" rel=\"noopener\">\n\t\t\t<img decoding=\"async\" src=\"\/wp-content\/themes\/lehledesign\/img\/opel-frankfurt-2015\/small\/opel-frankfurt-2015_03.jpg\"\/>\n\t\t\t<span>\n\t\t\t\tOpel &#8211; Frankfurt 2015\n\t\t\t<\/span>\n\t\t<\/a>\n\t\t\n\t<\/div>\n\t\n\t<div class=\"column\">\n\t\n\t\t<a href=\"opel-brussels-2018\/\" target=\"_blank\" rel=\"noopener\">\n\t\t\t<img decoding=\"async\" src=\"\/wp-content\/themes\/lehledesign\/img\/opel-brussels-2018\/small\/opel-brussels-2018_05.jpg\"\/>\n\t\t\t<span>\n\t\t\t\tOpel &#8211; Br\u00fcssel 2018\n\t\t\t<\/span>\n\t\t<\/a>\n\t\t<a href=\"opel-brussels-2017-2\/\" target=\"_blank\" rel=\"noopener\">\n\t\t\t<img decoding=\"async\" src=\"\/wp-content\/themes\/lehledesign\/img\/opel-brussels-2017\/small\/opel-brussels-2017_05.jpg\"\/>\n\t\t\t<span>\n\t\t\t\tOpel &#8211; Br\u00fcssel 2017\n\t\t\t<\/span>\n\t\t<\/a>\n\t\t<a href=\"opel-moskow-2014-2\/\" target=\"_blank\" rel=\"noopener\">\n\t\t\t<img decoding=\"async\" src=\"\/wp-content\/themes\/lehledesign\/img\/opel-moskow-2014\/small\/opel-moskow-2014_04.jpg\"\/>\n\t\t\t<span>\n\t\t\t\tOpel &#8211; Moskau 2014\n\t\t\t<\/span>\n\t\t<\/a>\n\t\t<a href=\"opel-brussels-2013-2\/\" target=\"_blank\" rel=\"noopener\">\n\t\t\t<img decoding=\"async\" src=\"\/wp-content\/themes\/lehledesign\/img\/opel-brussels-2013\/small\/opel-brussels-2013_03.jpg\"\/>\n\t\t\t<span>\n\t\t\t\tOpel &#8211; Br\u00fcssel 2013\n\t\t\t<\/span>\n\t\t<\/a>\n\t\t\n\t<\/div>\n\t\n<\/div>\n","protected":false},"excerpt":{"rendered":"<p>Buick &#8211; Shanghai 2019 Opel &#8211; Frankfurt 2017 Opel &#8211; Hannover 2016 Opel &#8211; Frankfurt 2015 Opel &#8211; Br\u00fcssel 2018 Opel &#8211; Br\u00fcssel 2017 Opel &#8211; Moskau 2014 Opel &#8211; Br\u00fcssel 2013<\/p>\n","protected":false},"author":1,"featured_media":0,"parent":0,"menu_order":0,"comment_status":"closed","ping_status":"closed","template":"","meta":{"footnotes":""},"class_list":["post-12","page","type-page","status-publish","hentry","entry"],"translation":{"provider":"WPGlobus","version":"3.0.0","language":"de","enabled_languages":["en","de"],"languages":{"en":{"title":true,"content":true,"excerpt":false},"de":{"title":true,"content":true,"excerpt":false}}},"_links":{"self":[{"href":"https:\/\/lehledesign.de\/de\/wp-json\/wp\/v2\/pages\/12","targetHints":{"allow":["GET"]}}],"collection":[{"href":"https:\/\/lehledesign.de\/de\/wp-json\/wp\/v2\/pages"}],"about":[{"href":"https:\/\/lehledesign.de\/de\/wp-json\/wp\/v2\/types\/page"}],"author":[{"embeddable":true,"href":"https:\/\/lehledesign.de\/de\/wp-json\/wp\/v2\/users\/1"}],"replies":[{"embeddable":true,"href":"https:\/\/lehledesign.de\/de\/wp-json\/wp\/v2\/comments?post=12"}],"version-history":[{"count":28,"href":"https:\/\/lehledesign.de\/de\/wp-json\/wp\/v2\/pages\/12\/revisions"}],"predecessor-version":[{"id":390,"href":"https:\/\/lehledesign.de\/de\/wp-json\/wp\/v2\/pages\/12\/revisions\/390"}],"wp:attachment":[{"href":"https:\/\/lehledesign.de\/de\/wp-json\/wp\/v2\/media?parent=12"}],"curies":[{"name":"wp","href":"https:\/\/api.w.org\/{rel}","templated":true}]}}