{"id":196,"date":"2023-04-21T18:10:54","date_gmt":"2023-04-21T16:10:54","guid":{"rendered":"https:\/\/lehledesign-new.local\/?page_id=196"},"modified":"2023-04-24T10:44:18","modified_gmt":"2023-04-24T08:44:18","slug":"buick-shanghai-2019","status":"publish","type":"page","link":"https:\/\/lehledesign.de\/de\/buick-shanghai-2019\/","title":{"rendered":"Buick Shanghai 2019"},"content":{"rendered":"\n<h6>Datum<\/h6>\n<p>April 2019<\/p>\n<h6>Kategorie<\/h6>\n<p>Messe<\/p>\n<h6>\u00dcber das Projekt<\/h6>\n<p>\n  Shanghai Motorshow ist eine der wichtigsten Messen im Automobilbereich f\u00fcr China.\n  <br>\n  Wir haben die technische Planung f\u00fcr Bellprat Partner AG in Z\u00fcrich \u00fcbernommen.\n<\/p>\n\n\n\n<div class=\"lehle-gallery-row\"> \n\t<div class=\"column\">\n\t\t<a href=\"\/wp-content\/themes\/lehledesign\/img\/buick-shanghai-2019\/buick-shanghai-2019_01.jpg\"><img decoding=\"async\" src=\"\/wp-content\/themes\/lehledesign\/img\/buick-shanghai-2019\/buick-shanghai-2019_01.jpg\"\/><\/a>\n\t\t<a href=\"\/wp-content\/themes\/lehledesign\/img\/buick-shanghai-2019\/buick-shanghai-2019_03.jpg\"><img decoding=\"async\" src=\"\/wp-content\/themes\/lehledesign\/img\/buick-shanghai-2019\/buick-shanghai-2019_03.jpg\"\/><\/a>\n\t\t<a href=\"\/wp-content\/themes\/lehledesign\/img\/buick-shanghai-2019\/buick-shanghai-2019_05.jpg\"><img decoding=\"async\" src=\"\/wp-content\/themes\/lehledesign\/img\/buick-shanghai-2019\/buick-shanghai-2019_05.jpg\"\/><\/a>\n\t\t<a href=\"\/wp-content\/themes\/lehledesign\/img\/buick-shanghai-2019\/buick-shanghai-2019_07.jpg\"><img decoding=\"async\" src=\"\/wp-content\/themes\/lehledesign\/img\/buick-shanghai-2019\/buick-shanghai-2019_07.jpg\"\/><\/a>\n\t\t\n\t<\/div>\n\t<div class=\"column\">\n\t\t<a href=\"\/wp-content\/themes\/lehledesign\/img\/buick-shanghai-2019\/buick-shanghai-2019_02.jpg\"><img decoding=\"async\" src=\"\/wp-content\/themes\/lehledesign\/img\/buick-shanghai-2019\/buick-shanghai-2019_02.jpg\"\/><\/a>\n\t\t<a href=\"\/wp-content\/themes\/lehledesign\/img\/buick-shanghai-2019\/buick-shanghai-2019_04.jpg\"><img decoding=\"async\" src=\"\/wp-content\/themes\/lehledesign\/img\/buick-shanghai-2019\/buick-shanghai-2019_04.jpg\"\/><\/a>\n\t\t<a href=\"\/wp-content\/themes\/lehledesign\/img\/buick-shanghai-2019\/buick-shanghai-2019_06.jpg\"><img decoding=\"async\" src=\"\/wp-content\/themes\/lehledesign\/img\/buick-shanghai-2019\/buick-shanghai-2019_06.jpg\"\/><\/a>\n\t\t<a href=\"\/wp-content\/themes\/lehledesign\/img\/buick-shanghai-2019\/buick-shanghai-2019_08.jpg\"><img decoding=\"async\" src=\"\/wp-content\/themes\/lehledesign\/img\/buick-shanghai-2019\/buick-shanghai-2019_08.jpg\"\/><\/a>\n\t\t\n\t<\/div>\n<\/div>\n","protected":false},"excerpt":{"rendered":"<p>Datum April 2019 Kategorie Messe \u00dcber das Projekt Shanghai Motorshow ist eine der wichtigsten Messen im Automobilbereich f\u00fcr China. Wir haben die technische Planung f\u00fcr Bellprat Partner AG in Z\u00fcrich \u00fcbernommen.<\/p>\n","protected":false},"author":1,"featured_media":0,"parent":0,"menu_order":0,"comment_status":"closed","ping_status":"closed","template":"","meta":{"footnotes":""},"class_list":["post-196","page","type-page","status-publish","hentry","entry"],"translation":{"provider":"WPGlobus","version":"3.0.0","language":"de","enabled_languages":["en","de"],"languages":{"en":{"title":true,"content":true,"excerpt":false},"de":{"title":false,"content":true,"excerpt":false}}},"_links":{"self":[{"href":"https:\/\/lehledesign.de\/de\/wp-json\/wp\/v2\/pages\/196","targetHints":{"allow":["GET"]}}],"collection":[{"href":"https:\/\/lehledesign.de\/de\/wp-json\/wp\/v2\/pages"}],"about":[{"href":"https:\/\/lehledesign.de\/de\/wp-json\/wp\/v2\/types\/page"}],"author":[{"embeddable":true,"href":"https:\/\/lehledesign.de\/de\/wp-json\/wp\/v2\/users\/1"}],"replies":[{"embeddable":true,"href":"https:\/\/lehledesign.de\/de\/wp-json\/wp\/v2\/comments?post=196"}],"version-history":[{"count":25,"href":"https:\/\/lehledesign.de\/de\/wp-json\/wp\/v2\/pages\/196\/revisions"}],"predecessor-version":[{"id":343,"href":"https:\/\/lehledesign.de\/de\/wp-json\/wp\/v2\/pages\/196\/revisions\/343"}],"wp:attachment":[{"href":"https:\/\/lehledesign.de\/de\/wp-json\/wp\/v2\/media?parent=196"}],"curies":[{"name":"wp","href":"https:\/\/api.w.org\/{rel}","templated":true}]}}