{"id":334,"date":"2023-04-24T10:38:14","date_gmt":"2023-04-24T08:38:14","guid":{"rendered":"https:\/\/lehledesign-new.local\/?page_id=334"},"modified":"2023-04-24T10:42:59","modified_gmt":"2023-04-24T08:42:59","slug":"opel-frankfurt-2015-2","status":"publish","type":"page","link":"https:\/\/lehledesign.de\/de\/opel-frankfurt-2015-2\/","title":{"rendered":"Opel Frankfurt 2015"},"content":{"rendered":"\n<h6>\n\tDatum\n<\/h6>\n<p>\n\tSeptember 2015\n<\/p>\n\n<h6>\n\tKategorie\n<\/h6>\n<p>\t\n\tMesse\n<\/p>\n\n<h6>\n\t\u00dcber das Projekt\n<\/h6>\n<p>\nTechnische Planung f\u00fcr Bellprat Partner AG, Z\u00fcrich.\n<\/p>\n\n\n\n<div class=\"lehle-gallery-row\"> \n\t<div class=\"column\">\n\n<a href=\"\/wp-content\/themes\/lehledesign\/img\/opel-frankfurt-2015\/medium\/opel-frankfurt-2015_01.jpg\"><img decoding=\"async\" src=\"\/wp-content\/themes\/lehledesign\/img\/opel-frankfurt-2015\/small\/opel-frankfurt-2015_01.jpg\"\/><\/a>\n<a href=\"\/wp-content\/themes\/lehledesign\/img\/opel-frankfurt-2015\/medium\/opel-frankfurt-2015_03.jpg\"><img decoding=\"async\" src=\"\/wp-content\/themes\/lehledesign\/img\/opel-frankfurt-2015\/small\/opel-frankfurt-2015_03.jpg\"\/><\/a>\n\t\n\t<\/div>\n\t<div class=\"column\">\n\n<a href=\"\/wp-content\/themes\/lehledesign\/img\/opel-frankfurt-2015\/medium\/opel-frankfurt-2015_04.jpg\"><img decoding=\"async\" src=\"\/wp-content\/themes\/lehledesign\/img\/opel-frankfurt-2015\/small\/opel-frankfurt-2015_04.jpg\"\/><\/a>\n<a href=\"\/wp-content\/themes\/lehledesign\/img\/opel-frankfurt-2015\/medium\/opel-frankfurt-2015_05.jpg\"><img decoding=\"async\" src=\"\/wp-content\/themes\/lehledesign\/img\/opel-frankfurt-2015\/small\/opel-frankfurt-2015_05.jpg\"\/><\/a>\n\n\t<\/div>\n<\/div>\n","protected":false},"excerpt":{"rendered":"<p>Datum September 2015 Kategorie Messe \u00dcber das Projekt Technische Planung f\u00fcr Bellprat Partner AG, Z\u00fcrich.<\/p>\n","protected":false},"author":1,"featured_media":0,"parent":0,"menu_order":0,"comment_status":"closed","ping_status":"closed","template":"","meta":{"footnotes":""},"class_list":["post-334","page","type-page","status-publish","hentry","entry"],"translation":{"provider":"WPGlobus","version":"3.0.0","language":"de","enabled_languages":["en","de"],"languages":{"en":{"title":true,"content":true,"excerpt":false},"de":{"title":true,"content":true,"excerpt":false}}},"_links":{"self":[{"href":"https:\/\/lehledesign.de\/de\/wp-json\/wp\/v2\/pages\/334","targetHints":{"allow":["GET"]}}],"collection":[{"href":"https:\/\/lehledesign.de\/de\/wp-json\/wp\/v2\/pages"}],"about":[{"href":"https:\/\/lehledesign.de\/de\/wp-json\/wp\/v2\/types\/page"}],"author":[{"embeddable":true,"href":"https:\/\/lehledesign.de\/de\/wp-json\/wp\/v2\/users\/1"}],"replies":[{"embeddable":true,"href":"https:\/\/lehledesign.de\/de\/wp-json\/wp\/v2\/comments?post=334"}],"version-history":[{"count":4,"href":"https:\/\/lehledesign.de\/de\/wp-json\/wp\/v2\/pages\/334\/revisions"}],"predecessor-version":[{"id":341,"href":"https:\/\/lehledesign.de\/de\/wp-json\/wp\/v2\/pages\/334\/revisions\/341"}],"wp:attachment":[{"href":"https:\/\/lehledesign.de\/de\/wp-json\/wp\/v2\/media?parent=334"}],"curies":[{"name":"wp","href":"https:\/\/api.w.org\/{rel}","templated":true}]}}